{"id":12,"date":"2015-02-05T15:50:22","date_gmt":"2015-02-05T15:50:22","guid":{"rendered":"http:\/\/cycestrategia.com.ar\/?page_id=12"},"modified":"2015-02-12T01:06:54","modified_gmt":"2015-02-12T01:06:54","slug":"estimacion-de-valor-de-activos-inmobiliarios","status":"publish","type":"page","link":"https:\/\/cycestrategia.com.ar\/?page_id=12","title":{"rendered":"Estimaci\u00f3n de Valor de Activos Inmobiliarios"},"content":{"rendered":"<p>Generamos valor para nuestros clientes poniendo a disposici\u00f3n nuestra experiencia en la estimaci\u00f3n del valor de los activos inmobiliarios atendiendo las expectativas y posibilidades de los potenciales compradores\/vendedores.<\/p>\n<p>Nuestro foco se concentra principalmente en aquellos activos inmobiliarios que por sus caracter\u00edsticas no cuentan con operaciones estrictamente comparables en el mercado.<\/p>\n<p>Adicionalmente, desarrollamos una alianza estrat\u00e9gica con Favereau S.A. de Tasaciones y Mandatos, una empresa Argentina con m\u00e1s de 20 a\u00f1os de experiencia brindando servicios de tasaciones de activos fijos (inmuebles, instalaciones, maquinarias y equipos, etc.) a las principales empresas de Argentina y algunos pa\u00edses de la regi\u00f3n.<\/p>\n<p>Hemos realizado trabajos de para todo tipo de propiedades, incluyendo inmuebles comerciales, residenciales, edificios industriales (dep\u00f3sitos, plantas), desarrollos de usos m\u00faltiples, barrios residenciales, hoteler\u00eda, centros recreativos y vacacionales, etc.<\/p>\n<p>Servicios Ofrecidos<\/p>\n<ul>\n<li>Tasaciones a valor de mercado<\/li>\n<li>Estimaci\u00f3n de valor de activos y Carteras Inmobiliarias para determinar su valor de compra, venta o alquiler utilizando diferentes metodolog\u00edas de estimaci\u00f3n de valor:\n<ul>\n<li>costo de reposici\u00f3n<\/li>\n<li>valor de mercado<\/li>\n<li>valor actual del flujo de rentas<\/li>\n<\/ul>\n<\/li>\n<\/ul>\n<p><a title=\"Asesoramiento Estrat\u00e9gico \u2013 Orientado a Desarrolladores \/ Due\u00f1os de Tierra \/ Inversores\" href=\"http:\/\/cycestrategia.com.ar\/?page_id=9\">Ver Asesoramiento Estrat\u00e9gico<\/a><\/p>\n<p><a title=\"Asesoramiento en Transacciones\" href=\"http:\/\/cycestrategia.com.ar\/?page_id=14\">Ver Asesoramiento en Transacciones<\/a><\/p>\n","protected":false},"excerpt":{"rendered":"<p>Generamos valor para nuestros clientes poniendo a disposici\u00f3n nuestra experiencia en la estimaci\u00f3n del valor de los activos inmobiliarios atendiendo las expectativas y posibilidades de los potenciales compradores\/vendedores. Nuestro foco se concentra principalmente en aquellos activos inmobiliarios que por sus caracter\u00edsticas no cuentan con operaciones estrictamente comparables en el mercado. Adicionalmente, desarrollamos una alianza estrat\u00e9gica [&hellip;]<\/p>\n","protected":false},"author":1,"featured_media":0,"parent":0,"menu_order":0,"comment_status":"closed","ping_status":"closed","template":"","meta":[],"_links":{"self":[{"href":"https:\/\/cycestrategia.com.ar\/index.php?rest_route=\/wp\/v2\/pages\/12"}],"collection":[{"href":"https:\/\/cycestrategia.com.ar\/index.php?rest_route=\/wp\/v2\/pages"}],"about":[{"href":"https:\/\/cycestrategia.com.ar\/index.php?rest_route=\/wp\/v2\/types\/page"}],"author":[{"embeddable":true,"href":"https:\/\/cycestrategia.com.ar\/index.php?rest_route=\/wp\/v2\/users\/1"}],"replies":[{"embeddable":true,"href":"https:\/\/cycestrategia.com.ar\/index.php?rest_route=%2Fwp%2Fv2%2Fcomments&post=12"}],"version-history":[{"count":7,"href":"https:\/\/cycestrategia.com.ar\/index.php?rest_route=\/wp\/v2\/pages\/12\/revisions"}],"predecessor-version":[{"id":115,"href":"https:\/\/cycestrategia.com.ar\/index.php?rest_route=\/wp\/v2\/pages\/12\/revisions\/115"}],"wp:attachment":[{"href":"https:\/\/cycestrategia.com.ar\/index.php?rest_route=%2Fwp%2Fv2%2Fmedia&parent=12"}],"curies":[{"name":"wp","href":"https:\/\/api.w.org\/{rel}","templated":true}]}}