{"id":16,"date":"2015-02-05T15:53:47","date_gmt":"2015-02-05T15:53:47","guid":{"rendered":"http:\/\/cycestrategia.com.ar\/?page_id=16"},"modified":"2015-05-06T19:12:39","modified_gmt":"2015-05-06T19:12:39","slug":"equipo-senior","status":"publish","type":"page","link":"https:\/\/cycestrategia.com.ar\/?page_id=16","title":{"rendered":"Equipo Senior"},"content":{"rendered":"<h3 class=\"widget-title\">JORGE COLLA<\/h3>\n<h4><\/h4>\n<h4>EDUCACION<\/h4>\n<ul>\n<li>Licenciado en Administraci\u00f3n de Empresas &#8211; Contador P\u00fablico Nacional &#8211; Universidad Cat\u00f3lica Argentina<\/li>\n<li>Master in Business Administration (MBA) \u2013 Universidad de San Andr\u00e9s<\/li>\n<\/ul>\n<h4><\/h4>\n<h4>EXPERIENCIA LABORAL<\/h4>\n<ul>\n<li>Director de Colombo+Colla<\/li>\n<li>Se desempe\u00f1\u00f3 durante 11 a\u00f1os como Gerente del \u00e1rea de Consultor\u00eda en Real Estate de Ernst &amp; Young para Latinoam\u00e9rica, liderando equipos en la regi\u00f3n y otros pa\u00edses como M\u00e9xico (Costa del Pac\u00edfico), EEUU (Florida), Antigua y Barbuda (Isla de Antigua) y Honduras (Isla de Roat\u00e1n).<\/li>\n<li>Trabaj\u00f3 en Sachem Corporate Finance (Londres &#8211; Inglaterra) y Price Waterhouse (Argentina) asesorando en la compra y venta de negocios y sociedades, desarrollando la estrategia y estructurando las transacciones.<\/li>\n<li>Cuenta con m\u00e1s de 12 a\u00f1os de experiencia en consultor\u00eda, estructuraci\u00f3n y coordinaci\u00f3n de negocios inmobiliarios<\/li>\n<\/ul>\n<h4><\/h4>\n<h4>ACTIVIDADES ACADEMICAS<\/h4>\n<ul>\n<li>Director de Capacitaci\u00f3n y responsable del curso de estrategia y finanzas para desarrolladores inmobiliarios en la Asociaci\u00f3n de Empresarios de la Vivienda (AEV).<\/li>\n<li>Profesor invitado de programas de post grado en Real Estate en la Escuela de Negocios ADEN, Panam\u00e1-Honduras-Guatemala.<\/li>\n<li>Profesor invitado de programas de post grado en Real Estate en la Universidad Torcuato Di Tella.<\/li>\n<li>Profesor invitado en cursos de capacitaci\u00f3n del Centro de Desarrolladores Urbanos de C\u00f3rdoba (CEDUC).<\/li>\n<li>Profesor titular del curso de Temas Avanzados de Estrategia de Negocios en el MBA de la Universidad de San Andr\u00e9s, Argentina.<\/li>\n<li>Miembro del Consejo de Administraci\u00f3n de la Asociaci\u00f3n de Empresarios de la Vivienda y Desarrollos Inmobiliarios de Argentina (AEV).<\/li>\n<li>Publicaciones: Desarrollo de casos de estudio sobre estrategia de negocios, alianzas y asociaciones estrat\u00e9gicas en la Universidad de San Andr\u00e9s.<\/li>\n<\/ul>\n<p><!--column--><\/p>\n<h2>FEDERICO COLOMBO<\/h2>\n<h4><\/h4>\n<h4>EDUCACION<\/h4>\n<ul>\n<li>Ingeniero Civil &#8211; Universidad Cat\u00f3lica Argentina<\/li>\n<li>Master en Direcci\u00f3n de Empresas (MBA) &#8211; Centro de Estudios Macroecon\u00f3micos de Argentina<\/li>\n<\/ul>\n<h4><\/h4>\n<h4>EXPERIENCIA LABORAL<\/h4>\n<ul>\n<li>Director de Colombo+Colla<\/li>\n<li>Ex Gerente del Real Estate Group para Latinoam\u00e9rica de Ernst &amp; Young<\/li>\n<li>Ex Director de Desarrollos Inmobiliarios de Faena Properties<\/li>\n<li>Ex Gerente de Consultor\u00eda de Real Estate Developers (RED Consulting &amp; Management y de RED Hospitality Consulting)<\/li>\n<li>Ex Gerente Comercial de Las Mar\u00edas Construcciones<\/li>\n<li>Ex Coordinador de Proyectos de Obras de Autopistas Urbanas SA<\/li>\n<li>Cuenta con m\u00e1s de 18 a\u00f1os de experiencia en la consultor\u00eda, estructuraci\u00f3n y coordinaci\u00f3n de negocios inmobiliarios en la Argentina, Brasil, Uruguay, Paraguay, M\u00e9xico, Panam\u00e1, Caribe, Estados Unidos, Espa\u00f1a y China.<\/li>\n<\/ul>\n<h4><\/h4>\n<h4>ACTIVIDADES ACADEMICAS<\/h4>\n<ul>\n<li>Profesor de Evaluaci\u00f3n de Proyectos y de Casos Pr\u00e1cticos en el Postgrado de Gesti\u00f3n y Desarrollo Inmobiliario \u2013 Universidad de San Andr\u00e9s y en el Master en Direcci\u00f3n de Empresas Constructoras e Inmobiliarias (MDI) \u2013 Universidad Polit\u00e9cnica de Madrid \/ Universidad Cat\u00f3lica Argentina.<\/li>\n<li>Cursos sobre Evaluaci\u00f3n de Proyectos Inmobiliarios en las Universidades Torcuato Di Tella; Austral de Rosario; en la de Buenos Aires \u2013 Facultad de Arquitectura y Urbanismo; Belgrano; Kennedy; Palermo; en el ESEADE, CPAU, y en la Asociaci\u00f3n de Empresarios de la Vivienda.<\/li>\n<li>Cursos sobre Evaluaci\u00f3n de Proyectos en las sedes de Panam\u00e1 y Guatemala del ADEN.<\/li>\n<li>Publicaciones: Desarrollos Inmobiliarios Exitosos \u2013 Como detectar oportunidades, estructurar proyectos y financiar negocios \u2013 Dami\u00e1n Tabakman \/ Federico Colombo \/ Daniel Rudolph \u2013 Bienes Ra\u00edces Ediciones \u2013 2006.<\/li>\n<\/ul>\n<p><!--stopcolumns--><\/p>\n","protected":false},"excerpt":{"rendered":"<p>JORGE COLLA EDUCACION Licenciado en Administraci\u00f3n de Empresas &#8211; Contador P\u00fablico Nacional &#8211; Universidad Cat\u00f3lica Argentina Master in Business Administration (MBA) \u2013 Universidad de San Andr\u00e9s EXPERIENCIA LABORAL Director de Colombo+Colla Se desempe\u00f1\u00f3 durante 11 a\u00f1os como Gerente del \u00e1rea de Consultor\u00eda en Real Estate de Ernst &amp; Young para Latinoam\u00e9rica, liderando equipos en la [&hellip;]<\/p>\n","protected":false},"author":1,"featured_media":0,"parent":0,"menu_order":0,"comment_status":"closed","ping_status":"closed","template":"","meta":[],"_links":{"self":[{"href":"https:\/\/cycestrategia.com.ar\/index.php?rest_route=\/wp\/v2\/pages\/16"}],"collection":[{"href":"https:\/\/cycestrategia.com.ar\/index.php?rest_route=\/wp\/v2\/pages"}],"about":[{"href":"https:\/\/cycestrategia.com.ar\/index.php?rest_route=\/wp\/v2\/types\/page"}],"author":[{"embeddable":true,"href":"https:\/\/cycestrategia.com.ar\/index.php?rest_route=\/wp\/v2\/users\/1"}],"replies":[{"embeddable":true,"href":"https:\/\/cycestrategia.com.ar\/index.php?rest_route=%2Fwp%2Fv2%2Fcomments&post=16"}],"version-history":[{"count":16,"href":"https:\/\/cycestrategia.com.ar\/index.php?rest_route=\/wp\/v2\/pages\/16\/revisions"}],"predecessor-version":[{"id":118,"href":"https:\/\/cycestrategia.com.ar\/index.php?rest_route=\/wp\/v2\/pages\/16\/revisions\/118"}],"wp:attachment":[{"href":"https:\/\/cycestrategia.com.ar\/index.php?rest_route=%2Fwp%2Fv2%2Fmedia&parent=16"}],"curies":[{"name":"wp","href":"https:\/\/api.w.org\/{rel}","templated":true}]}}