{"id":5,"date":"2015-02-05T15:47:23","date_gmt":"2015-02-05T15:47:23","guid":{"rendered":"http:\/\/cycestrategia.com.ar\/?page_id=5"},"modified":"2015-05-06T19:16:32","modified_gmt":"2015-05-06T19:16:32","slug":"home","status":"publish","type":"page","link":"https:\/\/cycestrategia.com.ar\/","title":{"rendered":"Home"},"content":{"rendered":"<h1 style=\"text-align: left;\">Bienvenido a Colombo + Colla<\/h1>\n<blockquote>\n<p style=\"text-align: left;\"><span style=\"color: #666699;\">Ofrecemos la m\u00e1xima capacidad y experiencia profesional, con el prop\u00f3sito de proveer ideas y soluciones integrales en cuestiones relacionadas con los inmuebles y espacios f\u00edsicos.<\/span><\/p>\n<p style=\"text-align: left;\"><span style=\"color: #666699;\">Queremos contribuir al \u00e9xito de los proyectos, colaborando con las necesidades de nuestros clientes- desarrolladores, constructores, inversores, corporaciones, operadores, organizaciones &#8211; en todas y cada una de las etapas de su desarrollo, desde las ideas preliminares hasta la implementaci\u00f3n.<\/span><\/p>\n<p style=\"text-align: left;\"><span style=\"color: #666699;\">Nuestro objetivo es aportar el conocimiento y la experiencia necesarias asegurando que nuestra participaci\u00f3n culmine en proyectos exitosos.<\/span><\/p>\n<\/blockquote>\n<h1 style=\"text-align: left;\"><\/h1>\n<p>&nbsp;<\/p>\n<p style=\"text-align: left;\">\n<p style=\"text-align: left;\">Ofrecemos una ventaja estrat\u00e9gica a trav\u00e9s de :<\/p>\n<ul>\n<li style=\"text-align: left;\">Conocimiento de las mejores pr\u00e1cticas locales e internacionales del negocio.<\/li>\n<li style=\"text-align: left;\">Relaciones con los principales agentes del sector a nivel local y regional.<\/li>\n<li style=\"text-align: left;\">Un equipo con 20 a\u00f1os de experiencia asesorando a due\u00f1os de tierra, desarrolladores, inversores , corporaciones, operadores y entidades con activos inmobiliarios.<\/li>\n<\/ul>\n<p style=\"text-align: left;\">Ofrecemos las siguientes soluciones a nuestros clientes:<\/p>\n<ul>\n<li style=\"text-align: left;\">Asesoramiento estrat\u00e9gico en la toma de decisiones que involucran inmuebles y espacios f\u00edsicos<\/li>\n<li style=\"text-align: left;\">Asesoramiento Financiero Espec\u00edfico<\/li>\n<li style=\"text-align: left;\">Asesoramiento en estrategias asociativas y transacciones, (adquisici\u00f3n\/venta)<\/li>\n<li style=\"text-align: left;\">Estimaci\u00f3n de valor de Activos Inmobiliarios<\/li>\n<\/ul>\n<p style=\"text-align: left;\">Usos \/ tipo de proyectos a los cuales asistimos:<\/p>\n<ul>\n<li style=\"text-align: left;\">Residencial<\/li>\n<li style=\"text-align: left;\">Log\u00edstica \/ Industrial<\/li>\n<li style=\"text-align: left;\">Oficinas<\/li>\n<li style=\"text-align: left;\">Retail<\/li>\n<li style=\"text-align: left;\">Hoteler\u00eda \/ Turismo<\/li>\n<li style=\"text-align: left;\">Entretenimiento<\/li>\n<li style=\"text-align: left;\">Centros de salud \/ Educaci\u00f3n<\/li>\n<li style=\"text-align: left;\">Usos mixtos<\/li>\n<\/ul>\n","protected":false},"excerpt":{"rendered":"<p>Bienvenido a Colombo + Colla Ofrecemos la m\u00e1xima capacidad y experiencia profesional, con el prop\u00f3sito de proveer ideas y soluciones integrales en cuestiones relacionadas con los inmuebles y espacios f\u00edsicos. Queremos contribuir al \u00e9xito de los proyectos, colaborando con las necesidades de nuestros clientes- desarrolladores, constructores, inversores, corporaciones, operadores, organizaciones &#8211; en todas y cada [&hellip;]<\/p>\n","protected":false},"author":1,"featured_media":0,"parent":0,"menu_order":0,"comment_status":"closed","ping_status":"closed","template":"","meta":[],"_links":{"self":[{"href":"https:\/\/cycestrategia.com.ar\/index.php?rest_route=\/wp\/v2\/pages\/5"}],"collection":[{"href":"https:\/\/cycestrategia.com.ar\/index.php?rest_route=\/wp\/v2\/pages"}],"about":[{"href":"https:\/\/cycestrategia.com.ar\/index.php?rest_route=\/wp\/v2\/types\/page"}],"author":[{"embeddable":true,"href":"https:\/\/cycestrategia.com.ar\/index.php?rest_route=\/wp\/v2\/users\/1"}],"replies":[{"embeddable":true,"href":"https:\/\/cycestrategia.com.ar\/index.php?rest_route=%2Fwp%2Fv2%2Fcomments&post=5"}],"version-history":[{"count":21,"href":"https:\/\/cycestrategia.com.ar\/index.php?rest_route=\/wp\/v2\/pages\/5\/revisions"}],"predecessor-version":[{"id":123,"href":"https:\/\/cycestrategia.com.ar\/index.php?rest_route=\/wp\/v2\/pages\/5\/revisions\/123"}],"wp:attachment":[{"href":"https:\/\/cycestrategia.com.ar\/index.php?rest_route=%2Fwp%2Fv2%2Fmedia&parent=5"}],"curies":[{"name":"wp","href":"https:\/\/api.w.org\/{rel}","templated":true}]}}