{"id":7,"date":"2015-02-05T15:48:52","date_gmt":"2015-02-05T15:48:52","guid":{"rendered":"http:\/\/cycestrategia.com.ar\/?page_id=7"},"modified":"2015-02-12T01:03:33","modified_gmt":"2015-02-12T01:03:33","slug":"asesoramiento-estrategico-orientado-a-corporaciones-operadores","status":"publish","type":"page","link":"https:\/\/cycestrategia.com.ar\/?page_id=7","title":{"rendered":"Orientado a Corporaciones \/ Operadores"},"content":{"rendered":"<p>En Colombo + Colla, generamos valor para nuestros clientes a trav\u00e9s de la optimizaci\u00f3n de sus carteras inmobiliarias tanto en lo que respecta a sus oficinas administrativas, locales comerciales, plantas industriales, dep\u00f3sitos como en otros inmuebles que forman parte de su cartera.<\/p>\n<p>De acuerdo con nuestra filosof\u00eda, volcada a la obtenci\u00f3n de resultados cuantificables, nuestras recomendaciones no culminan en informes te\u00f3ricos, sino que ofrecemos hacernos cargo de su implementaci\u00f3n.<\/p>\n<p>Servicios Ofrecidos<\/p>\n<ul>\n<li>Asesoramiento estrat\u00e9gico para alinear el Plan de Negocios de la compa\u00f1\u00eda \/ entidad con la cartera de activos inmobiliarios:<\/li>\n<li>Racionalizaci\u00f3n y optimizaci\u00f3n de carteras inmobiliarias de acuerdo con los objetivos operativos, de liquidez, rentabilidad y\/o valorizaci\u00f3n de la empresa<\/li>\n<li>An\u00e1lisis de necesidades de ocupaci\u00f3n de espacio tanto de las actividades actuales y futuras programadas como de la evoluci\u00f3n tecnol\u00f3gica de la empresa o entidad<\/li>\n<li>Desarrollo de esquemas de adquisici\u00f3n y disposici\u00f3n de inmuebles y espacios como resultado del an\u00e1lisis de las necesidades concretas<\/li>\n<li>An\u00e1lisis de mejor uso y\/o usos alternativos de inmuebles<\/li>\n<li>B\u00fasqueda de localizaciones seg\u00fan estrategia definida<\/li>\n<li>Asesoramiento Financiero Espec\u00edfico<\/li>\n<li>Ingenier\u00eda financiera para proyectos<\/li>\n<li>Estudios de factibilidad t\u00e9cnica y econ\u00f3mico financiera<\/li>\n<li>Presentaciones y gestiones ante entidades financieras, gobiernos y organismos p\u00fablicos\/privados<\/li>\n<\/ul>\n<p><a title=\"Estimaci\u00f3n de Valor de Activos Inmobiliarios\" href=\"http:\/\/cycestrategia.com.ar\/?page_id=12\">Ver Estimacion de Valor de Activos Inmobiliarios<\/a><\/p>\n<p><a title=\"Asesoramiento en Transacciones\" href=\"http:\/\/cycestrategia.com.ar\/?page_id=14\">Ver Asesoramiento en Transacciones<\/a><\/p>\n","protected":false},"excerpt":{"rendered":"<p>En Colombo + Colla, generamos valor para nuestros clientes a trav\u00e9s de la optimizaci\u00f3n de sus carteras inmobiliarias tanto en lo que respecta a sus oficinas administrativas, locales comerciales, plantas industriales, dep\u00f3sitos como en otros inmuebles que forman parte de su cartera. De acuerdo con nuestra filosof\u00eda, volcada a la obtenci\u00f3n de resultados cuantificables, nuestras [&hellip;]<\/p>\n","protected":false},"author":1,"featured_media":0,"parent":0,"menu_order":0,"comment_status":"closed","ping_status":"closed","template":"","meta":[],"_links":{"self":[{"href":"https:\/\/cycestrategia.com.ar\/index.php?rest_route=\/wp\/v2\/pages\/7"}],"collection":[{"href":"https:\/\/cycestrategia.com.ar\/index.php?rest_route=\/wp\/v2\/pages"}],"about":[{"href":"https:\/\/cycestrategia.com.ar\/index.php?rest_route=\/wp\/v2\/types\/page"}],"author":[{"embeddable":true,"href":"https:\/\/cycestrategia.com.ar\/index.php?rest_route=\/wp\/v2\/users\/1"}],"replies":[{"embeddable":true,"href":"https:\/\/cycestrategia.com.ar\/index.php?rest_route=%2Fwp%2Fv2%2Fcomments&post=7"}],"version-history":[{"count":5,"href":"https:\/\/cycestrategia.com.ar\/index.php?rest_route=\/wp\/v2\/pages\/7\/revisions"}],"predecessor-version":[{"id":113,"href":"https:\/\/cycestrategia.com.ar\/index.php?rest_route=\/wp\/v2\/pages\/7\/revisions\/113"}],"wp:attachment":[{"href":"https:\/\/cycestrategia.com.ar\/index.php?rest_route=%2Fwp%2Fv2%2Fmedia&parent=7"}],"curies":[{"name":"wp","href":"https:\/\/api.w.org\/{rel}","templated":true}]}}