{"id":9,"date":"2015-02-05T15:49:21","date_gmt":"2015-02-05T15:49:21","guid":{"rendered":"http:\/\/cycestrategia.com.ar\/?page_id=9"},"modified":"2015-02-12T01:03:46","modified_gmt":"2015-02-12T01:03:46","slug":"asesoramiento-estrategico-orientado-a-desarrolladores-duenos-de-tierra-inversores","status":"publish","type":"page","link":"https:\/\/cycestrategia.com.ar\/?page_id=9","title":{"rendered":"Orientado a Desarrolladores \/ Due\u00f1os de Tierra \/ Inversores"},"content":{"rendered":"<p>Desarrollamos estrategias y soluciones a medida de las necesidades particulares de cada cliente.<\/p>\n<p>Desarrolladores, due\u00f1os de tierra e inversores privados del mercado de real estate precisan acompa\u00f1ar sus decisiones con un enfoque experimentado que asegure el \u00e9xito de sus inversiones.<\/p>\n<p>Servicios Ofrecidos<\/p>\n<ul>\n<li>Planeamiento estrat\u00e9gico para desarrolladores, due\u00f1os de tierra e inversores:<\/li>\n<li>Planeamiento y uso del suelo, determinando su potencial de desarrollo<\/li>\n<li>An\u00e1lisis de mejor uso y\/o usos alternativos<\/li>\n<li>Definici\u00f3n de productos inmobiliarios<\/li>\n<li>Dise\u00f1o conceptual de proyectos<\/li>\n<li>Estudios de mercado para analizar comportamiento de oferta y demanda<\/li>\n<li>B\u00fasqueda de localizaciones y an\u00e1lisis estrat\u00e9gico previo<\/li>\n<li>Estrategia de gesti\u00f3n municipal \u2013 Solicitud de normas<\/li>\n<li>Asesoramiento Financiero Espec\u00edfico<\/li>\n<li>Estudios de factibilidad t\u00e9cnica y econ\u00f3mico financiera<\/li>\n<li>Ingenier\u00eda financiera para proyectos<\/li>\n<li>Racionalizaci\u00f3n y optimizaci\u00f3n de carteras<\/li>\n<li>Presentaciones y gestiones ante entidades financieras, gobiernos y organismos p\u00fablicos\/privados<\/li>\n<\/ul>\n<p>Ver <a title=\"Estimaci\u00f3n de Valor de Activos Inmobiliarios\" href=\"http:\/\/cycestrategia.com.ar\/?page_id=12\">Estimaci\u00f3n de Valor de Activos Inmobiliarios<\/a><\/p>\n<p>Ver <a title=\"Asesoramiento en Transacciones\" href=\"http:\/\/cycestrategia.com.ar\/?page_id=14\">Asesoramiento en Transacciones<\/a><\/p>\n","protected":false},"excerpt":{"rendered":"<p>Desarrollamos estrategias y soluciones a medida de las necesidades particulares de cada cliente. Desarrolladores, due\u00f1os de tierra e inversores privados del mercado de real estate precisan acompa\u00f1ar sus decisiones con un enfoque experimentado que asegure el \u00e9xito de sus inversiones. Servicios Ofrecidos Planeamiento estrat\u00e9gico para desarrolladores, due\u00f1os de tierra e inversores: Planeamiento y uso del [&hellip;]<\/p>\n","protected":false},"author":1,"featured_media":0,"parent":0,"menu_order":0,"comment_status":"closed","ping_status":"closed","template":"","meta":[],"_links":{"self":[{"href":"https:\/\/cycestrategia.com.ar\/index.php?rest_route=\/wp\/v2\/pages\/9"}],"collection":[{"href":"https:\/\/cycestrategia.com.ar\/index.php?rest_route=\/wp\/v2\/pages"}],"about":[{"href":"https:\/\/cycestrategia.com.ar\/index.php?rest_route=\/wp\/v2\/types\/page"}],"author":[{"embeddable":true,"href":"https:\/\/cycestrategia.com.ar\/index.php?rest_route=\/wp\/v2\/users\/1"}],"replies":[{"embeddable":true,"href":"https:\/\/cycestrategia.com.ar\/index.php?rest_route=%2Fwp%2Fv2%2Fcomments&post=9"}],"version-history":[{"count":6,"href":"https:\/\/cycestrategia.com.ar\/index.php?rest_route=\/wp\/v2\/pages\/9\/revisions"}],"predecessor-version":[{"id":114,"href":"https:\/\/cycestrategia.com.ar\/index.php?rest_route=\/wp\/v2\/pages\/9\/revisions\/114"}],"wp:attachment":[{"href":"https:\/\/cycestrategia.com.ar\/index.php?rest_route=%2Fwp%2Fv2%2Fmedia&parent=9"}],"curies":[{"name":"wp","href":"https:\/\/api.w.org\/{rel}","templated":true}]}}